{"id":2721,"date":"2025-06-06T06:17:17","date_gmt":"2025-06-06T06:17:17","guid":{"rendered":"https:\/\/www.latamaitech.com\/spanish\/?page_id=2721"},"modified":"2025-06-06T09:38:03","modified_gmt":"2025-06-06T09:38:03","slug":"latam","status":"publish","type":"page","link":"https:\/\/www.latamaitech.com\/spanish\/latam\/","title":{"rendered":"LATAM"},"content":{"rendered":"<p><section data-bb-version=\"5.3.7\" id=\"bt_bb_section69fcaf6c25ea4\" class=\"bt_bb_section bt_bb_color_scheme_1 bt_bb_layout_boxed_1200 bt_bb_vertical_align_top bt_bb_top_spacing_large bt_bb_bottom_spacing_large\" style=\"; --section-primary-color:#ffffff; --section-secondary-color:#191919;\" data-bt-override-class=\"{&quot;bt_bb_top_spacing_&quot;:{&quot;current_class&quot;:&quot;bt_bb_top_spacing_large&quot;,&quot;def&quot;:&quot;large&quot;},&quot;bt_bb_bottom_spacing_&quot;:{&quot;current_class&quot;:&quot;bt_bb_bottom_spacing_large&quot;,&quot;def&quot;:&quot;large&quot;},&quot;bt_bb_animation_&quot;:{&quot;current_class&quot;:&quot;bt_bb_animation_no_animation&quot;,&quot;def&quot;:&quot;no_animation&quot;}}\"><div class=\"bt_bb_background_image_holder_wrapper\"><div class=\"bt_bb_background_image_holder bt_bb_parallax\"  data-parallax=\"0.6\" data-parallax-offset=\"0\" data-parallax-zoom-start=\"1\" data-parallax-zoom-end=\"1\" data-parallax-blur-start=\"0\" data-parallax-blur-end=\"0\" data-parallax-opacity-start=\"1\" data-parallax-opacity-end=\"1\" style=\" background-image:url(&#039;https:\/\/www.latamaitech.com\/spanish\/wp-content\/uploads\/sites\/4\/2025\/06\/banner1-1.jpg&#039;);\"><\/div><\/div><div class=\"bt_bb_port\"><div class=\"bt_bb_cell\"><div class=\"bt_bb_cell_inner\"><div class=\"bt_bb_row \"  data-bt-override-class=\"{}\"><div class=\"bt_bb_row_holder\" ><div  class=\"bt_bb_column col-xxl-3 col-xl-3 bt_bb_vertical_align_top bt_bb_align_left bt_bb_padding_normal\" style=\"; --column-width:3;\" data-width=\"3\" data-bt-override-class=\"{}\"><div class=\"bt_bb_column_content\"><div class=\"bt_bb_column_content_inner\"><\/div><\/div><\/div><div  class=\"bt_bb_column col-xxl-6 col-xl-6 bt_bb_vertical_align_middle bt_bb_align_center bt_bb_padding_normal bt_bb_animation_fade_in animate\" style=\"; --column-width:6;\" data-width=\"6\" data-bt-override-class=\"{}\"><div class=\"bt_bb_column_content\"><div class=\"bt_bb_column_content_inner\"><div class=\"bt_bb_separator bt_bb_border_style_none bt_bb_border_color_none bt_bb_bottom_spacing_medium\" data-bt-override-class=\"null\"><\/div><header class=\"bt_bb_headline bt_bb_dash_none bt_bb_subheadline bt_bb_size_huge bt_bb_align_inherit\" data-bt-override-class=\"{}\"><h1 class=\"bt_bb_headline_tag\"><span class=\"bt_bb_headline_content\"><span>LATAM<\/span><\/span><\/h1><div class=\"bt_bb_headline_subheadline\">En LATAM AI Services entendemos la importancia de una presencia online efectiva.<\/div><\/header><div data-bb-version=\"4.9.1\" class=\"bt_bb_separator bt_bb_border_style_solid bt_bb_top_spacing_extra_small bt_bb_bottom_spacing_extra_small\" data-bt-override-class=\"{&quot;bt_bb_top_spacing_&quot;:{&quot;current_class&quot;:&quot;bt_bb_top_spacing_extra_small&quot;,&quot;def&quot;:&quot;extra_small&quot;},&quot;bt_bb_bottom_spacing_&quot;:{&quot;current_class&quot;:&quot;bt_bb_bottom_spacing_extra_small&quot;,&quot;def&quot;:&quot;extra_small&quot;}}\"><\/div><div class=\"bt_bb_separator bt_bb_border_style_none bt_bb_border_color_none bt_bb_top_spacing_none bt_bb_bottom_spacing_none\" data-bt-override-class=\"{&quot;bt_bb_top_spacing_&quot;:{&quot;current_class&quot;:&quot;bt_bb_top_spacing_none&quot;,&quot;def&quot;:&quot;none&quot;},&quot;bt_bb_bottom_spacing_&quot;:{&quot;current_class&quot;:&quot;bt_bb_bottom_spacing_none&quot;,&quot;def&quot;:&quot;none&quot;}}\"><\/div><div class=\"bt_bb_raw_content\"><div class=\"breadcrumb\"><!-- Breadcrumb NavXT 7.4.1 -->\n<span property=\"itemListElement\" typeof=\"ListItem\"><a property=\"item\" typeof=\"WebPage\" title=\"Go to Home\" href=\"https:\/\/www.latamaitech.com\/spanish\" class=\"home\"><span property=\"name\">Inicio<\/span><\/a><meta property=\"position\" content=\"1\"><\/span> > <span property=\"itemListElement\" typeof=\"ListItem\">LATAM<\/span>\n<\/div><\/div><\/div><\/div><\/div><div  class=\"bt_bb_column col-xxl-3 col-xl-3 bt_bb_vertical_align_top bt_bb_align_left bt_bb_padding_normal\" style=\"; --column-width:3;\" data-width=\"3\" data-bt-override-class=\"{}\"><div class=\"bt_bb_column_content\"><div class=\"bt_bb_column_content_inner\"><\/div><\/div><\/div><\/div><\/div><\/div><!-- cell_inner --><\/div><!-- cell --><\/div><!-- port --><\/section><section id=\"bt_bb_section69fcaf6c262ff\" class=\"bt_bb_section bt_bb_color_scheme_15 bt_bb_layout_boxed_1000 bt_bb_vertical_align_top bt_bb_top_spacing_large bt_bb_bottom_spacing_medium\" style=\"; --section-primary-color:#313c4c; --section-secondary-color:#f7f7f5;\" data-bt-override-class=\"{&quot;bt_bb_bottom_spacing_&quot;:{&quot;current_class&quot;:&quot;bt_bb_bottom_spacing_medium&quot;,&quot;def&quot;:&quot;medium&quot;}}\"><div class=\"bt_bb_port\"><div class=\"bt_bb_cell\"><div class=\"bt_bb_cell_inner\"><div class=\"bt_bb_row \"  data-bt-override-class=\"{}\"><div class=\"bt_bb_row_holder\" ><div  class=\"bt_bb_column col-xxl-1 col-xl-1 bt_bb_vertical_align_top bt_bb_align_left bt_bb_padding_normal\" style=\"; --column-width:1;\" data-width=\"1\" data-bt-override-class=\"{}\"><div class=\"bt_bb_column_content\"><div class=\"bt_bb_column_content_inner\"><\/div><\/div><\/div><div  class=\"bt_bb_column col-xxl-10 col-xl-10 bt_bb_vertical_align_top bt_bb_align_center bt_bb_padding_double bt_bb_animation_fade_in animate\" style=\"; --column-width:10;\" data-width=\"10\" data-bt-override-class=\"{}\"><div class=\"bt_bb_column_content\"><div class=\"bt_bb_column_content_inner\"><header class=\"bt_bb_headline bt_bb_dash_none bt_bb_supertitle_style_accent bt_bb_superheadline bt_bb_size_large bt_bb_align_inherit\" data-bt-override-class=\"{}\"><h3 class=\"bt_bb_headline_tag\"><span class=\"bt_bb_headline_superheadline\">\u00bfQU\u00c9 ES LATAM?<\/span><span class=\"bt_bb_headline_content\"><span>Acerca de la regi\u00f3n LATAM y nuestros servicios de TI<\/span><\/span><\/h3><\/header><div class=\"bt_bb_separator bt_bb_border_style_none bt_bb_border_color_none bt_bb_bottom_spacing_small\" data-bt-override-class=\"{&quot;bt_bb_bottom_spacing_&quot;:{&quot;current_class&quot;:&quot;bt_bb_bottom_spacing_small&quot;,&quot;def&quot;:&quot;small&quot;}}\"><\/div><div data-bb-version=\"4.9.1\"  class=\"bt_bb_text\" ><\/p>\n<p>La regi\u00f3n LATAM (Latinoam\u00e9rica) est\u00e1 compuesta por pa\u00edses de Sudam\u00e9rica, Centroam\u00e9rica, M\u00e9xico y el Caribe, donde el espa\u00f1ol y el portugu\u00e9s son los idiomas dominantes. Incluye importantes econom\u00edas como Brasil, M\u00e9xico, Argentina, Chile, Colombia, Per\u00fa, Ecuador, Venezuela y otras, lo que la convierte en uno de los mercados de mayor crecimiento en transformaci\u00f3n digital y servicios de TI.<\/p>\n<p>\n<\/div><div data-bb-version=\"4.9.1\" class=\"bt_bb_separator bt_bb_border_style_none bt_bb_top_spacing_extra_small bt_bb_bottom_spacing_extra_small\" data-bt-override-class=\"{&quot;bt_bb_top_spacing_&quot;:{&quot;current_class&quot;:&quot;bt_bb_top_spacing_extra_small&quot;,&quot;def&quot;:&quot;extra_small&quot;},&quot;bt_bb_bottom_spacing_&quot;:{&quot;current_class&quot;:&quot;bt_bb_bottom_spacing_extra_small&quot;,&quot;def&quot;:&quot;extra_small&quot;}}\"><\/div><div  class=\"bt_bb_text\" ><\/p>\n<p>En LATAM AI Tech, brindamos servicios de TI de vanguardia en toda la regi\u00f3n de LATAM, ayudando a las empresas a aprovechar la tecnolog\u00eda para el crecimiento, la eficiencia y la seguridad.<\/p>\n<p>\n<\/div><\/div><\/div><\/div><div  class=\"bt_bb_column col-xxl-1 col-xl-1 bt_bb_vertical_align_top bt_bb_align_left bt_bb_padding_normal\" style=\"; --column-width:1;\" data-width=\"1\" data-bt-override-class=\"{}\"><div class=\"bt_bb_column_content\"><div class=\"bt_bb_column_content_inner\"><\/div><\/div><\/div><\/div><\/div><\/div><!-- cell_inner --><\/div><!-- cell --><\/div><!-- port --><\/section><section data-bb-version=\"5.2.6\" id=\"bt_bb_section69fcaf6c26aa1\" class=\"bt_bb_section bt_bb_color_scheme_1 bt_bb_layout_boxed_1200 bt_bb_vertical_align_top bt_bb_top_spacing_large bt_bb_bottom_spacing_large\" style=\"; --section-primary-color:#ffffff; --section-secondary-color:#191919;\" data-bt-override-class=\"{&quot;bt_bb_top_spacing_&quot;:{&quot;current_class&quot;:&quot;bt_bb_top_spacing_large&quot;,&quot;def&quot;:&quot;large&quot;},&quot;bt_bb_bottom_spacing_&quot;:{&quot;current_class&quot;:&quot;bt_bb_bottom_spacing_large&quot;,&quot;def&quot;:&quot;large&quot;},&quot;bt_bb_animation_&quot;:{&quot;current_class&quot;:&quot;bt_bb_animation_no_animation&quot;,&quot;def&quot;:&quot;no_animation&quot;}}\"><div class=\"bt_bb_background_image_holder_wrapper\"><div class=\"bt_bb_background_image_holder bt_bb_parallax\"  data-parallax=\"0.6\" data-parallax-offset=\"0\" data-parallax-zoom-start=\"1\" data-parallax-zoom-end=\"1\" data-parallax-blur-start=\"0\" data-parallax-blur-end=\"0\" data-parallax-opacity-start=\"1\" data-parallax-opacity-end=\"1\" style=\" background-image:url(&#039;https:\/\/www.latamaitech.com\/spanish\/wp-content\/uploads\/sites\/4\/2025\/06\/bg.jpg&#039;);\"><\/div><\/div><div class=\"bt_bb_port\"><div class=\"bt_bb_cell\"><div class=\"bt_bb_cell_inner\"><div class=\"bt_bb_row \"  data-bt-override-class=\"{}\"><div class=\"bt_bb_row_holder\" ><div  class=\"bt_bb_column col-xxl-8 col-xl-8 bt_bb_vertical_align_middle bt_bb_align_left bt_bb_padding_normal\" style=\"; --column-width:8;\" data-width=\"8\" data-bt-override-class=\"{}\"><div class=\"bt_bb_column_content\"><div class=\"bt_bb_column_content_inner\"><div class=\"bt_bb_separator bt_bb_border_style_none bt_bb_border_color_none bt_bb_bottom_spacing_medium\" data-bt-override-class=\"null\"><\/div><header data-bb-version=\"5.2.6\" class=\"bt_bb_headline bt_bb_dash_none bt_bb_size_inherit bt_bb_align_inherit\" data-bt-override-class=\"{&quot;bt_bb_size_&quot;:{&quot;current_class&quot;:&quot;bt_bb_size_inherit&quot;,&quot;def&quot;:&quot;inherit&quot;},&quot;bt_bb_align_&quot;:{&quot;current_class&quot;:&quot;bt_bb_align_inherit&quot;,&quot;def&quot;:&quot;inherit&quot;},&quot;bt_bb_animation_&quot;:{&quot;current_class&quot;:&quot;bt_bb_animation_no_animation&quot;,&quot;def&quot;:&quot;no_animation&quot;}}\"><h1 class=\"bt_bb_headline_tag\"><span class=\"bt_bb_headline_content\"><span>\u00bfPOR QU\u00c9 ELEGIRNOS?<\/span><\/span><\/h1><\/header><div class=\"bt_bb_separator bt_bb_border_style_none bt_bb_border_color_none bt_bb_bottom_spacing_small\" data-bt-override-class=\"{&quot;bt_bb_bottom_spacing_&quot;:{&quot;current_class&quot;:&quot;bt_bb_bottom_spacing_small&quot;,&quot;def&quot;:&quot;small&quot;}}\"><\/div><div data-bb-version=\"5.2.6\"  class=\"bt_bb_text\" ><\/p>\n<p>\u2705 Amplia cobertura regional: atendemos a empresas en Brasil, M\u00e9xico, Argentina, Chile, Colombia, Per\u00fa y m\u00e1s all\u00e1.<br \/>\u2705 Soluciones de TI a medida: servicios tecnol\u00f3gicos personalizados que se alinean con las regulaciones locales y las necesidades comerciales.<br \/>\u2705 Soporte biling\u00fce: equipos que hablan ingl\u00e9s y espa\u00f1ol para una comunicaci\u00f3n fluida.<br \/>\u2705 SServicios escalables y seguros: garantizamos el cumplimiento de los est\u00e1ndares de la industria y las mejores pr\u00e1cticas de ciberseguridad.<\/p>\n<p>\n<\/div><\/div><\/div><\/div><div  class=\"bt_bb_column col-xxl-4 col-xl-4 bt_bb_vertical_align_top bt_bb_align_left bt_bb_padding_normal\" style=\"; --column-width:4;\" data-width=\"4\" data-bt-override-class=\"{}\"><div class=\"bt_bb_column_content\"><div class=\"bt_bb_column_content_inner\"><\/div><\/div><\/div><\/div><\/div><\/div><!-- cell_inner --><\/div><!-- cell --><\/div><!-- port --><\/section><section id=\"bt_bb_section69fcaf6c26d40\" class=\"bt_bb_section bt_bb_color_scheme_8 bt_bb_layout_boxed_1200 bt_bb_vertical_align_top bt_bb_top_spacing_large bt_bb_bottom_spacing_large\" style=\"; --section-primary-color:#313c4c; --section-secondary-color:#ffffff;\" data-bt-override-class=\"null\"><div class=\"bt_bb_port\"><div class=\"bt_bb_cell\"><div class=\"bt_bb_cell_inner\"><div class=\"bt_bb_row \"  data-bt-override-class=\"{}\"><div class=\"bt_bb_row_holder\" ><div  class=\"bt_bb_column col-xxl-6 col-xl-6 bt_bb_vertical_align_middle bt_bb_align_left bt_bb_padding_normal bt_bb_animation_fade_in animate\" style=\"; --column-width:6;\" data-width=\"6\" data-bt-override-class=\"{}\"><div class=\"bt_bb_column_content\"><div class=\"bt_bb_column_content_inner\"><header class=\"bt_bb_headline bt_bb_dash_none bt_bb_size_extralarge bt_bb_align_inherit\" data-bt-override-class=\"{}\"><h2 class=\"bt_bb_headline_tag\"><span class=\"bt_bb_headline_content\"><span>Nuestros principales servicios de TI en Latinoam\u00e9rica<\/span><\/span><\/h2><\/header><div class=\"bt_bb_separator bt_bb_border_style_none bt_bb_border_color_none bt_bb_bottom_spacing_normal\" data-bt-override-class=\"null\"><\/div><div data-bb-version=\"4.9.1\" class=\"bt_bb_icon bt_bb_style_borderless bt_bb_size_normal bt_bb_shape_circle bt_bb_target_self bt_bb_align_left bt_bb_font_weight_semi-bold\" data-bt-override-class=\"{&quot;bt_bb_size_&quot;:{&quot;current_class&quot;:&quot;bt_bb_size_normal&quot;,&quot;def&quot;:&quot;normal&quot;},&quot;bt_bb_align_&quot;:{&quot;current_class&quot;:&quot;bt_bb_align_left&quot;,&quot;def&quot;:&quot;left&quot;}}\"><span  data-ico-fontawesome5solid=\"&#xf00c;\" class=\"bt_bb_icon_holder\"><span>Servicios de TI gestionados: soporte 24 horas al d\u00eda, 7 d\u00edas a la semana para que su negocio funcione sin problemas.<\/span><\/span><\/div><div class=\"bt_bb_separator bt_bb_border_style_none bt_bb_border_color_none bt_bb_bottom_spacing_small\" data-bt-override-class=\"{&quot;bt_bb_bottom_spacing_&quot;:{&quot;current_class&quot;:&quot;bt_bb_bottom_spacing_small&quot;,&quot;def&quot;:&quot;small&quot;}}\"><\/div><div data-bb-version=\"4.9.1\" class=\"bt_bb_icon bt_bb_style_borderless bt_bb_size_normal bt_bb_shape_circle bt_bb_target_self bt_bb_align_left bt_bb_font_weight_semi-bold\" data-bt-override-class=\"{&quot;bt_bb_size_&quot;:{&quot;current_class&quot;:&quot;bt_bb_size_normal&quot;,&quot;def&quot;:&quot;normal&quot;},&quot;bt_bb_align_&quot;:{&quot;current_class&quot;:&quot;bt_bb_align_left&quot;,&quot;def&quot;:&quot;left&quot;}}\"><span  data-ico-fontawesome5solid=\"&#xf00c;\" class=\"bt_bb_icon_holder\"><span>Computaci\u00f3n en la nube: Infraestructura en la nube escalable para mejorar la flexibilidad empresarial.<\/span><\/span><\/div><div class=\"bt_bb_separator bt_bb_border_style_none bt_bb_border_color_none bt_bb_bottom_spacing_small\" data-bt-override-class=\"{&quot;bt_bb_bottom_spacing_&quot;:{&quot;current_class&quot;:&quot;bt_bb_bottom_spacing_small&quot;,&quot;def&quot;:&quot;small&quot;}}\"><\/div><div data-bb-version=\"4.9.1\" class=\"bt_bb_icon bt_bb_style_borderless bt_bb_size_normal bt_bb_shape_circle bt_bb_target_self bt_bb_align_left bt_bb_font_weight_semi-bold\" data-bt-override-class=\"{&quot;bt_bb_size_&quot;:{&quot;current_class&quot;:&quot;bt_bb_size_normal&quot;,&quot;def&quot;:&quot;normal&quot;},&quot;bt_bb_align_&quot;:{&quot;current_class&quot;:&quot;bt_bb_align_left&quot;,&quot;def&quot;:&quot;left&quot;}}\"><span  data-ico-fontawesome5solid=\"&#xf00c;\" class=\"bt_bb_icon_holder\"><span>Ciberseguridad: proteger a las empresas de las amenazas cibern\u00e9ticas con soluciones de seguridad s\u00f3lidas.<\/span><\/span><\/div><div class=\"bt_bb_separator bt_bb_border_style_none bt_bb_border_color_none bt_bb_bottom_spacing_small\" data-bt-override-class=\"{&quot;bt_bb_bottom_spacing_&quot;:{&quot;current_class&quot;:&quot;bt_bb_bottom_spacing_small&quot;,&quot;def&quot;:&quot;small&quot;}}\"><\/div><div data-bb-version=\"4.9.1\" class=\"bt_bb_icon bt_bb_style_borderless bt_bb_size_normal bt_bb_shape_circle bt_bb_target_self bt_bb_align_left bt_bb_font_weight_semi-bold\" data-bt-override-class=\"{&quot;bt_bb_size_&quot;:{&quot;current_class&quot;:&quot;bt_bb_size_normal&quot;,&quot;def&quot;:&quot;normal&quot;},&quot;bt_bb_align_&quot;:{&quot;current_class&quot;:&quot;bt_bb_align_left&quot;,&quot;def&quot;:&quot;left&quot;}}\"><span  data-ico-fontawesome5solid=\"&#xf00c;\" class=\"bt_bb_icon_holder\"><span>Desarrollo de software: aplicaciones personalizadas, soluciones web y m\u00f3viles.<\/span><\/span><\/div><div class=\"bt_bb_separator bt_bb_border_style_none bt_bb_border_color_none bt_bb_bottom_spacing_small\" data-bt-override-class=\"{&quot;bt_bb_bottom_spacing_&quot;:{&quot;current_class&quot;:&quot;bt_bb_bottom_spacing_small&quot;,&quot;def&quot;:&quot;small&quot;}}\"><\/div><div data-bb-version=\"4.9.1\" class=\"bt_bb_icon bt_bb_style_borderless bt_bb_size_normal bt_bb_shape_circle bt_bb_target_self bt_bb_align_left bt_bb_font_weight_semi-bold\" data-bt-override-class=\"{&quot;bt_bb_size_&quot;:{&quot;current_class&quot;:&quot;bt_bb_size_normal&quot;,&quot;def&quot;:&quot;normal&quot;},&quot;bt_bb_align_&quot;:{&quot;current_class&quot;:&quot;bt_bb_align_left&quot;,&quot;def&quot;:&quot;left&quot;}}\"><span  data-ico-fontawesome5solid=\"&#xf00c;\" class=\"bt_bb_icon_holder\"><span>Consultor\u00eda TI y transformaci\u00f3n digital: Ayudamos a las empresas a adaptarse a las \u00faltimas tecnolog\u00edas.<\/span><\/span><\/div><div class=\"bt_bb_separator bt_bb_border_style_none bt_bb_border_color_none bt_bb_bottom_spacing_normal\" data-bt-override-class=\"null\"><\/div><div data-bb-version=\"4.9.1\"  class=\"bt_bb_text\" ><\/p>\n<p>A medida que la regi\u00f3n LATAM experimenta un r\u00e1pido crecimiento digital, nos comprometemos a ayudar a las empresas a expandirse, innovar y mantenerse a la vanguardia de la competencia con nuestros servicios integrales de TI.<\/p>\n<p>\n<\/div><div class=\"bt_bb_separator bt_bb_border_style_none bt_bb_border_color_none bt_bb_bottom_spacing_normal\" data-bt-override-class=\"null\"><\/div><div data-bb-version=\"4.9.1\"  class=\"bt_bb_text\" ><\/p>\n<p>\u00a1P\u00f3ngase en contacto con nosotros hoy para explorar c\u00f3mo podemos apoyar su negocio en Am\u00e9rica Latina!<\/p>\n<p>\n<\/div><div class=\"bt_bb_separator bt_bb_border_style_none bt_bb_border_color_none bt_bb_bottom_spacing_normal\" data-bt-override-class=\"null\"><\/div><div class=\"bt_bb_button bt_bb_color_scheme_6 bt_bb_icon_position_right bt_bb_style_filled bt_bb_size_large bt_bb_width_inline bt_bb_shape_inherit bt_bb_target_self bt_bb_align_inherit btWithIcon\" style=\"; --primary-color:#ffffff; --secondary-color:#9e9f7f;\" data-bt-override-class=\"{}\"><a href=\"https:\/\/www.latamaitech.com\/spanish\/contacto\/\" target=\"_self\" class=\"bt_bb_link\" title=\"CONTACTE AHORA\"><span class=\"bt_bb_button_text\" >CONTACTE AHORA<\/span><span  data-ico-fontawesome=\"&#xf061;\" class=\"bt_bb_icon_holder\"><\/span><\/a><\/div><div class=\"bt_bb_separator bt_bb_border_style_none bt_bb_border_color_none bt_bb_bottom_spacing_medium bt_bb_hidden_md bt_bb_hidden_lg\" data-bt-override-class=\"null\"><\/div><\/div><\/div><\/div><div  class=\"bt_bb_column col-xxl-6 col-xl-6 bt_bb_vertical_align_middle bt_bb_align_left bt_bb_padding_normal bt_bb_animation_fade_in animate\" style=\"; --column-width:6;\" data-width=\"6\" data-bt-override-class=\"{}\"><div class=\"bt_bb_column_content\"><div class=\"bt_bb_column_content_inner\"><div data-bb-version=\"5.3.7\" class=\"bt_bb_image bt_bb_shape_square bt_bb_target_self bt_bb_align_inherit bt_bb_hover_style_simple bt_bb_content_display_always bt_bb_content_align_middle\" data-bt-override-class=\"{&quot;bt_bb_align_&quot;:{&quot;current_class&quot;:&quot;bt_bb_align_inherit&quot;,&quot;def&quot;:&quot;inherit&quot;},&quot;bt_bb_content_display_&quot;:{&quot;current_class&quot;:&quot;bt_bb_content_display_always&quot;,&quot;def&quot;:&quot;always&quot;},&quot;bt_bb_animation_&quot;:{&quot;current_class&quot;:&quot;bt_bb_animation_no_animation&quot;,&quot;def&quot;:&quot;no_animation&quot;}}\"><span><img loading=\"lazy\" decoding=\"async\" width=\"980\" height=\"1470\" src=\"https:\/\/www.latamaitech.com\/spanish\/wp-content\/uploads\/sites\/4\/2025\/06\/8.jpg\" class=\"attachment-full size-full\" alt=\"Latam Services\" data-full_image_src=\"https:\/\/www.latamaitech.com\/spanish\/wp-content\/uploads\/sites\/4\/2025\/06\/8.jpg\" title=\"8\" srcset=\"https:\/\/www.latamaitech.com\/spanish\/wp-content\/uploads\/sites\/4\/2025\/06\/8.jpg 980w, https:\/\/www.latamaitech.com\/spanish\/wp-content\/uploads\/sites\/4\/2025\/06\/8-640x960.jpg 640w, https:\/\/www.latamaitech.com\/spanish\/wp-content\/uploads\/sites\/4\/2025\/06\/8-768x1152.jpg 768w, https:\/\/www.latamaitech.com\/spanish\/wp-content\/uploads\/sites\/4\/2025\/06\/8-320x480.jpg 320w, https:\/\/www.latamaitech.com\/spanish\/wp-content\/uploads\/sites\/4\/2025\/06\/8-720x1080.jpg 720w, https:\/\/www.latamaitech.com\/spanish\/wp-content\/uploads\/sites\/4\/2025\/06\/8-360x540.jpg 360w\" sizes=\"auto, (max-width: 980px) 100vw, 980px\" \/><\/span><\/div><\/div><\/div><\/div><\/div><\/div><\/div><!-- cell_inner --><\/div><!-- cell --><\/div><!-- port --><\/section><\/p>\n","protected":false},"excerpt":{"rendered":"","protected":false},"author":1,"featured_media":0,"parent":0,"menu_order":0,"comment_status":"closed","ping_status":"closed","template":"","meta":{"footnotes":""},"class_list":["post-2721","page","type-page","status-publish","hentry"],"_links":{"self":[{"href":"https:\/\/www.latamaitech.com\/spanish\/wp-json\/wp\/v2\/pages\/2721","targetHints":{"allow":["GET"]}}],"collection":[{"href":"https:\/\/www.latamaitech.com\/spanish\/wp-json\/wp\/v2\/pages"}],"about":[{"href":"https:\/\/www.latamaitech.com\/spanish\/wp-json\/wp\/v2\/types\/page"}],"author":[{"embeddable":true,"href":"https:\/\/www.latamaitech.com\/spanish\/wp-json\/wp\/v2\/users\/1"}],"replies":[{"embeddable":true,"href":"https:\/\/www.latamaitech.com\/spanish\/wp-json\/wp\/v2\/comments?post=2721"}],"version-history":[{"count":6,"href":"https:\/\/www.latamaitech.com\/spanish\/wp-json\/wp\/v2\/pages\/2721\/revisions"}],"predecessor-version":[{"id":2803,"href":"https:\/\/www.latamaitech.com\/spanish\/wp-json\/wp\/v2\/pages\/2721\/revisions\/2803"}],"wp:attachment":[{"href":"https:\/\/www.latamaitech.com\/spanish\/wp-json\/wp\/v2\/media?parent=2721"}],"curies":[{"name":"wp","href":"https:\/\/api.w.org\/{rel}","templated":true}]}}